{"id":1187,"date":"2024-10-16T15:29:47","date_gmt":"2024-10-16T19:29:47","guid":{"rendered":"https:\/\/infovet.passionsynergie.com\/boutique\/ubacalm-chews-2\/"},"modified":"2025-04-10T08:04:01","modified_gmt":"2025-04-10T12:04:01","slug":"ubacalm-chews","status":"publish","type":"product","link":"https:\/\/infovet.centreanimascience.com\/en\/boutique\/ubacalm-chews\/","title":{"rendered":"Ubacalm Chews"},"content":{"rendered":"","protected":false},"excerpt":{"rendered":"<p>Calming formula for stress and anxiety Beef flavored soft chews.<\/p>\n<p>&nbsp;<\/p>\n<p>Ingr\u00e9dients actifs :<\/p>\n<ul>\n<li>Camomille (75 mg) \u2013 antioxydant avec effet r\u00e9ducteur de l\u2019anxi\u00e9t\u00e9.<\/li>\n<li>Racine de val\u00e9riane (65 mg) \u2013 promotion de la relaxation.<\/li>\n<li>Passiflore (50 mg) \u2013 R\u00e9duction de l\u2019agitation.<\/li>\n<li>Racine de gingembre (35 mg) \u2013 Soutient un niveau de s\u00e9rotonine sain.<\/li>\n<li>Thiamine (30 mg) \u2013 Assiste lors de stress et lors d&#8217;irritabilit\u00e9.<\/li>\n<li>Colostrum (22 mg) \u2013 Amplifie l\u2019effet apaisant naturel du GABA.<\/li>\n<li>L-tryptophane (20 mg) \u2013 Essentiel dans la fabrication de la s\u00e9rotonine (r\u00e9gulation de l\u2019humeur).<\/li>\n<li>L-th\u00e9anine (15 mg) \u2013 assiste \u00e0 la production de la dopamine (effet calmant).<\/li>\n<\/ul>\n<p>&nbsp;<\/p>\n<p><strong>Allergen: *Beef concentrate<\/strong><\/p>\n<p>&nbsp;<\/p>\n<p>Size: 48 chews\/ 90 chews \/140 chews<\/p>\n","protected":false},"featured_media":1041,"template":"","meta":[],"product_brand":[],"product_cat":[193],"product_tag":[],"class_list":{"0":"post-1187","1":"product","2":"type-product","3":"status-publish","4":"has-post-thumbnail","6":"product_cat-pet-favorites","8":"first","9":"instock","10":"taxable","11":"shipping-taxable","12":"purchasable","13":"product-type-variable"},"supplier_id":null,"supplier_sku":"","barcode":null,"atum_controlled":true,"out_stock_date":null,"out_stock_threshold":null,"inheritable":true,"inbound_stock":0,"stock_on_hold":0,"sold_today":0,"sales_last_days":0,"reserved_stock":0,"customer_returns":0,"warehouse_damage":0,"lost_in_post":0,"other_logs":0,"out_stock_days":0,"lost_sales":0,"has_location":false,"update_date":"2026-05-08T03:33:02","atum_locations":[],"atum_stock_status":"instock","restock_status":false,"low_stock_amount":"","sales_update_date":"2026-05-08T03:33:02","calc_backorders":null,"yoast_head":"<!-- This site is optimized with the Yoast SEO plugin v26.2 - https:\/\/yoast.com\/wordpress\/plugins\/seo\/ -->\n<title>Ubacalm Chews - Infovet.net<\/title>\n<meta name=\"robots\" content=\"index, follow, max-snippet:-1, max-image-preview:large, max-video-preview:-1\" \/>\n<link rel=\"canonical\" href=\"https:\/\/infovet.centreanimascience.com\/en\/boutique\/ubacalm-chews\/\" \/>\n<meta property=\"og:locale\" content=\"en_US\" \/>\n<meta property=\"og:type\" content=\"article\" \/>\n<meta property=\"og:title\" content=\"Ubacalm Chews - Infovet.net\" \/>\n<meta property=\"og:description\" content=\"Calming formula for stress and anxiety Beef flavored soft chews.  &nbsp;  Ingr\u00e9dients actifs :   Camomille (75 mg) \u2013 antioxydant avec effet r\u00e9ducteur de l\u2019anxi\u00e9t\u00e9.  Racine de val\u00e9riane (65 mg) \u2013 promotion de la relaxation.  Passiflore (50 mg) \u2013 R\u00e9duction de l\u2019agitation.  Racine de gingembre (35 mg) \u2013 Soutient un niveau de s\u00e9rotonine sain.  Thiamine (30 mg) \u2013 Assiste lors de stress et lors d&#039;irritabilit\u00e9.  Colostrum (22 mg) \u2013 Amplifie l\u2019effet apaisant naturel du GABA.  L-tryptophane (20 mg) \u2013 Essentiel dans la fabrication de la s\u00e9rotonine (r\u00e9gulation de l\u2019humeur).  L-th\u00e9anine (15 mg) \u2013 assiste \u00e0 la production de la dopamine (effet calmant).  &nbsp;  Allergen: *Beef concentrate  &nbsp;  Size: 48 chews\/ 90 chews \/140 chews\" \/>\n<meta property=\"og:url\" content=\"https:\/\/infovet.centreanimascience.com\/en\/boutique\/ubacalm-chews\/\" \/>\n<meta property=\"og:site_name\" content=\"Infovet.net\" \/>\n<meta property=\"article:modified_time\" content=\"2025-04-10T12:04:01+00:00\" \/>\n<meta property=\"og:image\" content=\"https:\/\/infovet.passionsynergie.com\/wp-content\/uploads\/sites\/2\/2024\/10\/UBAVET-UBACALM-3-formats-300x300.jpg\" \/>\n<meta name=\"twitter:card\" content=\"summary_large_image\" \/>\n<meta name=\"twitter:label1\" content=\"Est. reading time\" \/>\n\t<meta name=\"twitter:data1\" content=\"1 minute\" \/>\n<script type=\"application\/ld+json\" class=\"yoast-schema-graph\">{\"@context\":\"https:\/\/schema.org\",\"@graph\":[{\"@type\":\"WebPage\",\"@id\":\"https:\/\/infovet.centreanimascience.com\/en\/boutique\/ubacalm-chews\/\",\"url\":\"https:\/\/infovet.centreanimascience.com\/en\/boutique\/ubacalm-chews\/\",\"name\":\"Ubacalm Chews - Infovet.net\",\"isPartOf\":{\"@id\":\"https:\/\/infovet.centreanimascience.com\/en\/#website\"},\"primaryImageOfPage\":{\"@id\":\"https:\/\/infovet.centreanimascience.com\/en\/boutique\/ubacalm-chews\/#primaryimage\"},\"image\":{\"@id\":\"https:\/\/infovet.centreanimascience.com\/en\/boutique\/ubacalm-chews\/#primaryimage\"},\"thumbnailUrl\":\"https:\/\/infovet.centreanimascience.com\/wp-content\/uploads\/sites\/2\/2024\/10\/UBAVET-UBACALM-3-formats.jpg\",\"datePublished\":\"2024-10-16T19:29:47+00:00\",\"dateModified\":\"2025-04-10T12:04:01+00:00\",\"breadcrumb\":{\"@id\":\"https:\/\/infovet.centreanimascience.com\/en\/boutique\/ubacalm-chews\/#breadcrumb\"},\"inLanguage\":\"en-US\",\"potentialAction\":[{\"@type\":\"ReadAction\",\"target\":[\"https:\/\/infovet.centreanimascience.com\/en\/boutique\/ubacalm-chews\/\"]}]},{\"@type\":\"ImageObject\",\"inLanguage\":\"en-US\",\"@id\":\"https:\/\/infovet.centreanimascience.com\/en\/boutique\/ubacalm-chews\/#primaryimage\",\"url\":\"https:\/\/infovet.centreanimascience.com\/wp-content\/uploads\/sites\/2\/2024\/10\/UBAVET-UBACALM-3-formats.jpg\",\"contentUrl\":\"https:\/\/infovet.centreanimascience.com\/wp-content\/uploads\/sites\/2\/2024\/10\/UBAVET-UBACALM-3-formats.jpg\",\"width\":1080,\"height\":1080},{\"@type\":\"BreadcrumbList\",\"@id\":\"https:\/\/infovet.centreanimascience.com\/en\/boutique\/ubacalm-chews\/#breadcrumb\",\"itemListElement\":[{\"@type\":\"ListItem\",\"position\":1,\"name\":\"Home\",\"item\":\"https:\/\/infovet.centreanimascience.com\/en\/\"},{\"@type\":\"ListItem\",\"position\":2,\"name\":\"Shop\",\"item\":\"https:\/\/infovet.centreanimascience.com\/en\/shop-2\/\"},{\"@type\":\"ListItem\",\"position\":3,\"name\":\"Ubacalm Chews\"}]},{\"@type\":\"WebSite\",\"@id\":\"https:\/\/infovet.centreanimascience.com\/en\/#website\",\"url\":\"https:\/\/infovet.centreanimascience.com\/en\/\",\"name\":\"Infovet.net\",\"description\":\"\",\"potentialAction\":[{\"@type\":\"SearchAction\",\"target\":{\"@type\":\"EntryPoint\",\"urlTemplate\":\"https:\/\/infovet.centreanimascience.com\/en\/?s={search_term_string}\"},\"query-input\":{\"@type\":\"PropertyValueSpecification\",\"valueRequired\":true,\"valueName\":\"search_term_string\"}}],\"inLanguage\":\"en-US\"}]}<\/script>\n<!-- \/ Yoast SEO plugin. -->","yoast_head_json":{"title":"Ubacalm Chews - Infovet.net","robots":{"index":"index","follow":"follow","max-snippet":"max-snippet:-1","max-image-preview":"max-image-preview:large","max-video-preview":"max-video-preview:-1"},"canonical":"https:\/\/infovet.centreanimascience.com\/en\/boutique\/ubacalm-chews\/","og_locale":"en_US","og_type":"article","og_title":"Ubacalm Chews - Infovet.net","og_description":"Calming formula for stress and anxiety Beef flavored soft chews.  &nbsp;  Ingr\u00e9dients actifs :   Camomille (75 mg) \u2013 antioxydant avec effet r\u00e9ducteur de l\u2019anxi\u00e9t\u00e9.  Racine de val\u00e9riane (65 mg) \u2013 promotion de la relaxation.  Passiflore (50 mg) \u2013 R\u00e9duction de l\u2019agitation.  Racine de gingembre (35 mg) \u2013 Soutient un niveau de s\u00e9rotonine sain.  Thiamine (30 mg) \u2013 Assiste lors de stress et lors d'irritabilit\u00e9.  Colostrum (22 mg) \u2013 Amplifie l\u2019effet apaisant naturel du GABA.  L-tryptophane (20 mg) \u2013 Essentiel dans la fabrication de la s\u00e9rotonine (r\u00e9gulation de l\u2019humeur).  L-th\u00e9anine (15 mg) \u2013 assiste \u00e0 la production de la dopamine (effet calmant).  &nbsp;  Allergen: *Beef concentrate  &nbsp;  Size: 48 chews\/ 90 chews \/140 chews","og_url":"https:\/\/infovet.centreanimascience.com\/en\/boutique\/ubacalm-chews\/","og_site_name":"Infovet.net","article_modified_time":"2025-04-10T12:04:01+00:00","og_image":[{"url":"https:\/\/infovet.passionsynergie.com\/wp-content\/uploads\/sites\/2\/2024\/10\/UBAVET-UBACALM-3-formats-300x300.jpg","type":"","width":"","height":""}],"twitter_card":"summary_large_image","twitter_misc":{"Est. reading time":"1 minute"},"schema":{"@context":"https:\/\/schema.org","@graph":[{"@type":"WebPage","@id":"https:\/\/infovet.centreanimascience.com\/en\/boutique\/ubacalm-chews\/","url":"https:\/\/infovet.centreanimascience.com\/en\/boutique\/ubacalm-chews\/","name":"Ubacalm Chews - Infovet.net","isPartOf":{"@id":"https:\/\/infovet.centreanimascience.com\/en\/#website"},"primaryImageOfPage":{"@id":"https:\/\/infovet.centreanimascience.com\/en\/boutique\/ubacalm-chews\/#primaryimage"},"image":{"@id":"https:\/\/infovet.centreanimascience.com\/en\/boutique\/ubacalm-chews\/#primaryimage"},"thumbnailUrl":"https:\/\/infovet.centreanimascience.com\/wp-content\/uploads\/sites\/2\/2024\/10\/UBAVET-UBACALM-3-formats.jpg","datePublished":"2024-10-16T19:29:47+00:00","dateModified":"2025-04-10T12:04:01+00:00","breadcrumb":{"@id":"https:\/\/infovet.centreanimascience.com\/en\/boutique\/ubacalm-chews\/#breadcrumb"},"inLanguage":"en-US","potentialAction":[{"@type":"ReadAction","target":["https:\/\/infovet.centreanimascience.com\/en\/boutique\/ubacalm-chews\/"]}]},{"@type":"ImageObject","inLanguage":"en-US","@id":"https:\/\/infovet.centreanimascience.com\/en\/boutique\/ubacalm-chews\/#primaryimage","url":"https:\/\/infovet.centreanimascience.com\/wp-content\/uploads\/sites\/2\/2024\/10\/UBAVET-UBACALM-3-formats.jpg","contentUrl":"https:\/\/infovet.centreanimascience.com\/wp-content\/uploads\/sites\/2\/2024\/10\/UBAVET-UBACALM-3-formats.jpg","width":1080,"height":1080},{"@type":"BreadcrumbList","@id":"https:\/\/infovet.centreanimascience.com\/en\/boutique\/ubacalm-chews\/#breadcrumb","itemListElement":[{"@type":"ListItem","position":1,"name":"Home","item":"https:\/\/infovet.centreanimascience.com\/en\/"},{"@type":"ListItem","position":2,"name":"Shop","item":"https:\/\/infovet.centreanimascience.com\/en\/shop-2\/"},{"@type":"ListItem","position":3,"name":"Ubacalm Chews"}]},{"@type":"WebSite","@id":"https:\/\/infovet.centreanimascience.com\/en\/#website","url":"https:\/\/infovet.centreanimascience.com\/en\/","name":"Infovet.net","description":"","potentialAction":[{"@type":"SearchAction","target":{"@type":"EntryPoint","urlTemplate":"https:\/\/infovet.centreanimascience.com\/en\/?s={search_term_string}"},"query-input":{"@type":"PropertyValueSpecification","valueRequired":true,"valueName":"search_term_string"}}],"inLanguage":"en-US"}]}},"jetpack_sharing_enabled":true,"_links":{"self":[{"href":"https:\/\/infovet.centreanimascience.com\/en\/wp-json\/wp\/v2\/product\/1187","targetHints":{"allow":["GET"]}}],"collection":[{"href":"https:\/\/infovet.centreanimascience.com\/en\/wp-json\/wp\/v2\/product"}],"about":[{"href":"https:\/\/infovet.centreanimascience.com\/en\/wp-json\/wp\/v2\/types\/product"}],"wp:featuredmedia":[{"embeddable":true,"href":"https:\/\/infovet.centreanimascience.com\/en\/wp-json\/wp\/v2\/media\/1041"}],"wp:attachment":[{"href":"https:\/\/infovet.centreanimascience.com\/en\/wp-json\/wp\/v2\/media?parent=1187"}],"wp:term":[{"taxonomy":"product_brand","embeddable":true,"href":"https:\/\/infovet.centreanimascience.com\/en\/wp-json\/wp\/v2\/product_brand?post=1187"},{"taxonomy":"product_cat","embeddable":true,"href":"https:\/\/infovet.centreanimascience.com\/en\/wp-json\/wp\/v2\/product_cat?post=1187"},{"taxonomy":"product_tag","embeddable":true,"href":"https:\/\/infovet.centreanimascience.com\/en\/wp-json\/wp\/v2\/product_tag?post=1187"}],"curies":[{"name":"wp","href":"https:\/\/api.w.org\/{rel}","templated":true}]}}